{"id":103,"date":"2017-04-20T15:34:35","date_gmt":"2017-04-20T13:34:35","guid":{"rendered":"https:\/\/mozartdinner.cz\/darkove-poukazy\/"},"modified":"2024-04-01T21:55:57","modified_gmt":"2024-04-01T19:55:57","slug":"darkove-poukazy","status":"publish","type":"page","link":"https:\/\/mozartdinner.kabrt.net\/cs\/darkove-poukazy\/","title":{"rendered":"D\u00e1rkov\u00e9 poukazy"},"content":{"rendered":"<h2>V\u011bnujte d\u00e1rkov\u00fd poukaz na ve\u010de\u0159e s Mozartem<\/h2>\n<div class=\"hell-accordition\">D\u00e1rek na posledn\u00ed chv\u00edli? Sta\u010d\u00ed p\u00e1r kliknut\u00ed. Pot\u011b\u0161te sv\u00e9 bl\u00edzk\u00e9 luxusn\u00edm z\u00e1\u017eitkem a s\u00e1hn\u011bte po d\u00e1rkov\u00e9m poukazu na ve\u010de\u0159i s Mozartem.<\/div>\n<div class=\"row\">\n<div class=\"col-xs-12 col-md-6 col-md-push-6 col-lg-5 col-lg-push-7\"><img loading=\"lazy\" decoding=\"async\" class=\"alignleft size-full wp-image-110\" style=\"margin-bottom: 10px;\" src=\"https:\/\/mozartdinner.cz\/wp-content\/uploads\/2024\/01\/MD-web-voucher-592x444-1.jpg\" alt=\"d\u00e1rkov\u00fd poukaz ve\u010de\u0159e s Mozartem\" width=\"458\" height=\"272\" \/><\/div>\n<div class=\"col-xs-12 col-md-6 col-md-pull-6 col-lg-7 col-lg-pull-5\">\n<p>To nejlep\u0161\u00ed z Mozartov\u00fdch oper v pod\u00e1n\u00ed zp\u011bv\u00e1k\u016f a hudebn\u00edk\u016f z presti\u017en\u00edch \u010desk\u00fdch opern\u00edch sc\u00e9n vystupuj\u00edc\u00edch v dobov\u00fdch kost\u00fdmech, v kombinaci s t\u0159\u00edchodov\u00fdm menu serv\u00edrovan\u00fdm o p\u0159est\u00e1vk\u00e1ch v neo-barokn\u00edm pam\u00e1tkov\u011b chr\u00e1n\u011bn\u00e9m Boccaccio s\u00e1le v srdci Star\u00e9ho M\u011bsta Prahy. Ve\u010de\u0159e se skl\u00e1d\u00e1 ze t\u0159\u00ed chod\u016f, kter\u00e9 vych\u00e1z\u00ed z tradi\u010dn\u00ed \u010desk\u00e9 a rakousk\u00e9 kuchyn\u011b. To v\u0161e je Ve\u010de\u0159e s Mozartem, kter\u00e1 je perfektn\u00edm d\u00e1rkem pro v\u0161echny, kte\u0159\u00ed maj\u00ed r\u00e1di luxusn\u00ed z\u00e1\u017eitky.<\/p>\n<h3 class=\"nadpis-odrazka\">D\u00e1rkov\u00e9 poukazy nab\u00edz\u00edme ve 2 variant\u00e1ch<\/h3>\n<div><strong>D\u00e1rkov\u00fd poukaz s v\u00fdb\u011brem konkr\u00e9tn\u00edho term\u00ednu<\/strong> &#8211; vyberete term\u00edn ve\u010de\u0159e s Mozartem, m\u00edsto a kategorii, vypln\u00edte kontaktn\u00ed a platebn\u00ed \u00fadaje a za\u0161krtnete mo\u017enost &#8222;Chci d\u00e1rkov\u00fd poukaz&#8220;.<\/div>\n<div><strong>D\u00e1rkov\u00fd poukaz s platnost\u00ed na 6 m\u011bs\u00edc\u016f od data n\u00e1kupu<\/strong> &#8211; klikn\u011bte na tla\u010d\u00edtko n\u00ed\u017ee a budete p\u0159esm\u011brov\u00e1ni p\u0159\u00edmo na objedn\u00e1vac\u00ed formul\u00e1\u0159. M\u00e1te-li z\u00e1jem o d\u00e1rkov\u00e9 poukazy na m\u00edru, kontaktujte n\u00e1s na e-mailov\u00e9 adrese <a href=\"mailto:info@mozartdinner.cz\">info@mozartdinner.cz<\/a>.\n<\/div>\n<\/div>\n<\/div>\n<div class=\"program-program-entity\">\n<div class=\"col-lg-4 col-md-4 col-sd-4 col-xs-12\"><a class=\"mf-button mf-button-auto-width mf-button-add-to-cart-nodate-voucher\" href=\"#\">D\u00e1rkov\u00fd poukaz<\/a><\/div>\n<\/div>\n<div class=\"program-program-entity\">\n<div class=\"col-lg-1 col-md-1 col-sd-1 col-xs-12\"><\/div>\n<\/div>\n<div class=\"program-program-entity\">\n<div class=\"col-lg-4 col-md-4 col-sd-4 col-xs-12\"><a class=\"mf-button mf-button-auto-width mf-button-add-to-cart-nodate-voucher\" href=\"https:\/\/mozartdinner.cz\/cs\/vyber-terminu\/\">D\u00e1rkov\u00fd poukaz s term\u00ednem<\/a><\/div>\n<\/div>\n<div>\n<div class=\"row\">\n<div class=\"col-lg-12 col-md-12 col-sd-12 col-xs-12\">\n<div><\/div>\n<\/div>\n<\/div>\n<div class=\"row\">\n<div class=\"col-lg-12 col-md-12 col-sd-12 col-xs-12\">\n<div><strong>T\u011b\u0161\u00edme se na v\u00e1s na div\u00e1cky obl\u00edben\u00e9 ope\u0159e s ve\u010de\u0159\u00ed v Praze!<\/strong><\/div>\n<\/div>\n<\/div>\n<\/div>\n","protected":false},"excerpt":{"rendered":"<p>V\u011bnujte d\u00e1rkov\u00fd poukaz na ve\u010de\u0159e s Mozartem D\u00e1rek na posledn\u00ed chv\u00edli? Sta\u010d\u00ed p\u00e1r kliknut\u00ed. Pot\u011b\u0161te sv\u00e9 bl\u00edzk\u00e9 luxusn\u00edm z\u00e1\u017eitkem a s\u00e1hn\u011bte po d\u00e1rkov\u00e9m poukazu na ve\u010de\u0159i s Mozartem. To nejlep\u0161\u00ed z Mozartov\u00fdch oper v pod\u00e1n\u00ed zp\u011bv\u00e1k\u016f a hudebn\u00edk\u016f z presti\u017en\u00edch \u010desk\u00fdch opern\u00edch sc\u00e9n vystupuj\u00edc\u00edch v dobov\u00fdch kost\u00fdmech, v kombinaci s t\u0159\u00edchodov\u00fdm menu serv\u00edrovan\u00fdm o p\u0159est\u00e1vk\u00e1ch [&hellip;]<\/p>\n","protected":false},"author":1,"featured_media":0,"parent":0,"menu_order":0,"comment_status":"closed","ping_status":"closed","template":"","meta":{"footnotes":""},"class_list":["post-103","page","type-page","status-publish","hentry"],"yoast_head":"<!-- This site is optimized with the Yoast SEO plugin v25.8 - https:\/\/yoast.com\/wordpress\/plugins\/seo\/ -->\n<title>D\u00e1rkov\u00e9 poukazy | Ve\u010de\u0159e s Mozartem *****<\/title>\n<meta name=\"description\" content=\"Darujte poukazy na Ve\u010de\u0159i s Mozartem! M\u016f\u017eete si vybrat mezi n\u00e1kupem voucher\u016f s konkr\u00e9tn\u00edm datem nebo voucher\u016f bez data.\" \/>\n<meta name=\"robots\" content=\"index, follow, max-snippet:-1, max-image-preview:large, max-video-preview:-1\" \/>\n<link rel=\"canonical\" href=\"https:\/\/mozartdinner.cz\/cs\/darkove-poukazy\/\" \/>\n<meta property=\"og:locale\" content=\"cs_CZ\" \/>\n<meta property=\"og:type\" content=\"article\" \/>\n<meta property=\"og:title\" content=\"D\u00e1rkov\u00e9 poukazy | Ve\u010de\u0159e s Mozartem *****\" \/>\n<meta property=\"og:description\" content=\"Darujte poukazy na Ve\u010de\u0159i s Mozartem! M\u016f\u017eete si vybrat mezi n\u00e1kupem voucher\u016f s konkr\u00e9tn\u00edm datem nebo voucher\u016f bez data.\" \/>\n<meta property=\"og:url\" content=\"https:\/\/mozartdinner.cz\/cs\/darkove-poukazy\/\" \/>\n<meta property=\"og:site_name\" content=\"Mozart Dinner *****\" \/>\n<meta property=\"article:modified_time\" content=\"2024-04-01T19:55:57+00:00\" \/>\n<meta property=\"og:image\" content=\"https:\/\/mozartdinner.cz\/wp-content\/uploads\/2024\/01\/MD-web-voucher-592x444-1.jpg\" \/>\n<meta name=\"twitter:card\" content=\"summary_large_image\" \/>\n<meta name=\"twitter:label1\" content=\"Odhadovan\u00e1 doba \u010dten\u00ed\" \/>\n\t<meta name=\"twitter:data1\" content=\"1 minuta\" \/>\n<script type=\"application\/ld+json\" class=\"yoast-schema-graph\">{\"@context\":\"https:\/\/schema.org\",\"@graph\":[{\"@type\":\"WebPage\",\"@id\":\"https:\/\/mozartdinner.cz\/cs\/darkove-poukazy\/\",\"url\":\"https:\/\/mozartdinner.cz\/cs\/darkove-poukazy\/\",\"name\":\"D\u00e1rkov\u00e9 poukazy | Ve\u010de\u0159e s Mozartem *****\",\"isPartOf\":{\"@id\":\"https:\/\/mozartdinner.cz\/#website\"},\"primaryImageOfPage\":{\"@id\":\"https:\/\/mozartdinner.cz\/cs\/darkove-poukazy\/#primaryimage\"},\"image\":{\"@id\":\"https:\/\/mozartdinner.cz\/cs\/darkove-poukazy\/#primaryimage\"},\"thumbnailUrl\":\"https:\/\/mozartdinner.cz\/wp-content\/uploads\/2024\/01\/MD-web-voucher-592x444-1.jpg\",\"datePublished\":\"2017-04-20T13:34:35+00:00\",\"dateModified\":\"2024-04-01T19:55:57+00:00\",\"description\":\"Darujte poukazy na Ve\u010de\u0159i s Mozartem! M\u016f\u017eete si vybrat mezi n\u00e1kupem voucher\u016f s konkr\u00e9tn\u00edm datem nebo voucher\u016f bez data.\",\"breadcrumb\":{\"@id\":\"https:\/\/mozartdinner.cz\/cs\/darkove-poukazy\/#breadcrumb\"},\"inLanguage\":\"cs\",\"potentialAction\":[{\"@type\":\"ReadAction\",\"target\":[\"https:\/\/mozartdinner.cz\/cs\/darkove-poukazy\/\"]}]},{\"@type\":\"ImageObject\",\"inLanguage\":\"cs\",\"@id\":\"https:\/\/mozartdinner.cz\/cs\/darkove-poukazy\/#primaryimage\",\"url\":\"https:\/\/mozartdinner.cz\/wp-content\/uploads\/2024\/01\/MD-web-voucher-592x444-1.jpg\",\"contentUrl\":\"https:\/\/mozartdinner.cz\/wp-content\/uploads\/2024\/01\/MD-web-voucher-592x444-1.jpg\"},{\"@type\":\"BreadcrumbList\",\"@id\":\"https:\/\/mozartdinner.cz\/cs\/darkove-poukazy\/#breadcrumb\",\"itemListElement\":[{\"@type\":\"ListItem\",\"position\":1,\"name\":\"Home\",\"item\":\"https:\/\/mozartdinner.cz\/cs\/\"},{\"@type\":\"ListItem\",\"position\":2,\"name\":\"D\u00e1rkov\u00e9 poukazy\"}]},{\"@type\":\"WebSite\",\"@id\":\"https:\/\/mozartdinner.cz\/#website\",\"url\":\"https:\/\/mozartdinner.cz\/\",\"name\":\"Mozart Dinner *****\",\"description\":\"Your private opera theater in Prague\",\"potentialAction\":[{\"@type\":\"SearchAction\",\"target\":{\"@type\":\"EntryPoint\",\"urlTemplate\":\"https:\/\/mozartdinner.cz\/?s={search_term_string}\"},\"query-input\":{\"@type\":\"PropertyValueSpecification\",\"valueRequired\":true,\"valueName\":\"search_term_string\"}}],\"inLanguage\":\"cs\"}]}<\/script>\n<!-- \/ Yoast SEO plugin. -->","yoast_head_json":{"title":"D\u00e1rkov\u00e9 poukazy | Ve\u010de\u0159e s Mozartem *****","description":"Darujte poukazy na Ve\u010de\u0159i s Mozartem! M\u016f\u017eete si vybrat mezi n\u00e1kupem voucher\u016f s konkr\u00e9tn\u00edm datem nebo voucher\u016f bez data.","robots":{"index":"index","follow":"follow","max-snippet":"max-snippet:-1","max-image-preview":"max-image-preview:large","max-video-preview":"max-video-preview:-1"},"canonical":"https:\/\/mozartdinner.cz\/cs\/darkove-poukazy\/","og_locale":"cs_CZ","og_type":"article","og_title":"D\u00e1rkov\u00e9 poukazy | Ve\u010de\u0159e s Mozartem *****","og_description":"Darujte poukazy na Ve\u010de\u0159i s Mozartem! M\u016f\u017eete si vybrat mezi n\u00e1kupem voucher\u016f s konkr\u00e9tn\u00edm datem nebo voucher\u016f bez data.","og_url":"https:\/\/mozartdinner.cz\/cs\/darkove-poukazy\/","og_site_name":"Mozart Dinner *****","article_modified_time":"2024-04-01T19:55:57+00:00","og_image":[{"url":"https:\/\/mozartdinner.cz\/wp-content\/uploads\/2024\/01\/MD-web-voucher-592x444-1.jpg","type":"","width":"","height":""}],"twitter_card":"summary_large_image","twitter_misc":{"Odhadovan\u00e1 doba \u010dten\u00ed":"1 minuta"},"schema":{"@context":"https:\/\/schema.org","@graph":[{"@type":"WebPage","@id":"https:\/\/mozartdinner.cz\/cs\/darkove-poukazy\/","url":"https:\/\/mozartdinner.cz\/cs\/darkove-poukazy\/","name":"D\u00e1rkov\u00e9 poukazy | Ve\u010de\u0159e s Mozartem *****","isPartOf":{"@id":"https:\/\/mozartdinner.cz\/#website"},"primaryImageOfPage":{"@id":"https:\/\/mozartdinner.cz\/cs\/darkove-poukazy\/#primaryimage"},"image":{"@id":"https:\/\/mozartdinner.cz\/cs\/darkove-poukazy\/#primaryimage"},"thumbnailUrl":"https:\/\/mozartdinner.cz\/wp-content\/uploads\/2024\/01\/MD-web-voucher-592x444-1.jpg","datePublished":"2017-04-20T13:34:35+00:00","dateModified":"2024-04-01T19:55:57+00:00","description":"Darujte poukazy na Ve\u010de\u0159i s Mozartem! M\u016f\u017eete si vybrat mezi n\u00e1kupem voucher\u016f s konkr\u00e9tn\u00edm datem nebo voucher\u016f bez data.","breadcrumb":{"@id":"https:\/\/mozartdinner.cz\/cs\/darkove-poukazy\/#breadcrumb"},"inLanguage":"cs","potentialAction":[{"@type":"ReadAction","target":["https:\/\/mozartdinner.cz\/cs\/darkove-poukazy\/"]}]},{"@type":"ImageObject","inLanguage":"cs","@id":"https:\/\/mozartdinner.cz\/cs\/darkove-poukazy\/#primaryimage","url":"https:\/\/mozartdinner.cz\/wp-content\/uploads\/2024\/01\/MD-web-voucher-592x444-1.jpg","contentUrl":"https:\/\/mozartdinner.cz\/wp-content\/uploads\/2024\/01\/MD-web-voucher-592x444-1.jpg"},{"@type":"BreadcrumbList","@id":"https:\/\/mozartdinner.cz\/cs\/darkove-poukazy\/#breadcrumb","itemListElement":[{"@type":"ListItem","position":1,"name":"Home","item":"https:\/\/mozartdinner.cz\/cs\/"},{"@type":"ListItem","position":2,"name":"D\u00e1rkov\u00e9 poukazy"}]},{"@type":"WebSite","@id":"https:\/\/mozartdinner.cz\/#website","url":"https:\/\/mozartdinner.cz\/","name":"Mozart Dinner *****","description":"Your private opera theater in Prague","potentialAction":[{"@type":"SearchAction","target":{"@type":"EntryPoint","urlTemplate":"https:\/\/mozartdinner.cz\/?s={search_term_string}"},"query-input":{"@type":"PropertyValueSpecification","valueRequired":true,"valueName":"search_term_string"}}],"inLanguage":"cs"}]}},"publishpress_future_workflow_manual_trigger":{"enabledWorkflows":[]},"_links":{"self":[{"href":"https:\/\/mozartdinner.kabrt.net\/cs\/wp-json\/wp\/v2\/pages\/103","targetHints":{"allow":["GET"]}}],"collection":[{"href":"https:\/\/mozartdinner.kabrt.net\/cs\/wp-json\/wp\/v2\/pages"}],"about":[{"href":"https:\/\/mozartdinner.kabrt.net\/cs\/wp-json\/wp\/v2\/types\/page"}],"author":[{"embeddable":true,"href":"https:\/\/mozartdinner.kabrt.net\/cs\/wp-json\/wp\/v2\/users\/1"}],"replies":[{"embeddable":true,"href":"https:\/\/mozartdinner.kabrt.net\/cs\/wp-json\/wp\/v2\/comments?post=103"}],"version-history":[{"count":52,"href":"https:\/\/mozartdinner.kabrt.net\/cs\/wp-json\/wp\/v2\/pages\/103\/revisions"}],"predecessor-version":[{"id":29194,"href":"https:\/\/mozartdinner.kabrt.net\/cs\/wp-json\/wp\/v2\/pages\/103\/revisions\/29194"}],"wp:attachment":[{"href":"https:\/\/mozartdinner.kabrt.net\/cs\/wp-json\/wp\/v2\/media?parent=103"}],"curies":[{"name":"wp","href":"https:\/\/api.w.org\/{rel}","templated":true}]}}