{"id":139,"date":"2017-04-20T18:32:50","date_gmt":"2017-04-20T16:32:50","guid":{"rendered":"https:\/\/mozartdinner.cz\/uzitecne-tipy\/"},"modified":"2024-04-01T17:44:36","modified_gmt":"2024-04-01T15:44:36","slug":"uzitecne-tipy","status":"publish","type":"page","link":"https:\/\/mozartdinner.kabrt.net\/cs\/uzitecne-tipy\/","title":{"rendered":"U\u017eite\u010dn\u00e9 tipy"},"content":{"rendered":"<ul class=\"list-red-dot page-list-16\">\n<li><a href=\"#vyber-mist\">Tipy na v\u00fdb\u011br m\u00edst<\/a><\/li>\n<li><a href=\"#pro-singles\">Tipy pro singles<\/a><\/li>\n<li><a href=\"#vetsi-soukromi\">Tipy pro v\u011bt\u0161\u00ed soukrom\u00ed<\/a><\/li>\n<li><a href=\"#vhodne-obleceni\">Tip na vhodn\u00e9 oble\u010den\u00ed<\/a><\/li>\n<li><a href=\"#silvestr\">Tip pro v\u00fdb\u011br m\u00edsta na oslavu Silvestra<\/a><\/li>\n<\/ul>\n<h1><a id=\"vyber-mist\" name=\"vyber-mist\"><\/a>Tipy na v\u00fdb\u011br m\u00edst<\/h1>\n<div class=\"row\">\n<div class=\"col-xs-12 col-sm-6\"><strong>Kategorie st\u016fl pro osm<\/strong><br \/>\nje ur\u010dena p\u0159edev\u0161\u00edm pro ty, kte\u0159\u00ed maj\u00ed r\u00e1di spole\u010dnost a cht\u011bj\u00ed pozn\u00e1vat nov\u00e9 lidi. U stolu sed\u00ed celkem a\u017e 8 osob. Stoly jsou \u0159azeny za stoly pro dva a jsou um\u00edst\u011bny ve spodn\u00ed \u010d\u00e1sti s\u00e1lu, kde je i p\u00f3dium pro um\u011blce. Tato kategorie je cenov\u011b nejv\u00fdhodn\u011bj\u0161\u00ed.<br \/>\n<span style=\"color: #ffffff;\">.<\/span><br \/>\n<span style=\"color: #ffffff;\">.<\/span><br \/>\n<strong>Kategorie st\u016fl pro dva<\/strong><br \/>\nm\u00e1 nejv\u011bt\u0161\u00ed v\u00fdhodu v bl\u00edzkosti k um\u011blc\u016fm. Ke stolu se vejdou maxim\u00e1ln\u011b dv\u011b osoby (po domluv\u011b t\u0159i) a v p\u0159\u00edpad\u011b va\u0161eho p\u0159\u00e1n\u00ed um\u00edme spojit a\u017e t\u0159i stoly pro dva a vytvo\u0159it tak st\u016fl a\u017e pro \u0161est osob. Tuto kategorii tak\u00e9 doporu\u010dujeme p\u00e1r\u016fm, kter\u00e9 cht\u011bj\u00ed sed\u011bt sami. Stoly pro dva v prvn\u00ed \u0159ad\u011b v\u00e1m zprost\u0159edkuj\u00ed z\u00e1\u017eitek, kter\u00fd nikde jinde nedostanete. Budete toti\u017e usazeni doslova p\u00e1r centimetr\u016f od um\u011blc\u016f.<br \/>\n<span style=\"color: #ffffff;\">.<\/span><br \/>\n<span style=\"color: #ffffff;\">.<\/span><br \/>\n<strong>Kategorie l\u00f3\u017ee<\/strong><br \/>\nje exklusivn\u00edm m\u00edstem, kter\u00e9 nab\u00edz\u00ed kr\u00e1snou v\u00fdzdobu a maxim\u00e1ln\u00ed soukrom\u00ed p\u0159i zachov\u00e1n\u00ed dobr\u00e9 viditelnosti na um\u011blce a skv\u011bl\u00e9 akustiky. Budete m\u00edt i kr\u00e1sn\u00fd pohled na cel\u00fd s\u00e1l. M\u00e1me l\u00f3\u017ee pro jednu a\u017e \u010dty\u0159i osoby. V l\u00f3\u017ei budete v\u017edy sed\u011bt jen s va\u0161\u00edm doprovodem \u2013 neum\u00edst\u00edme k v\u00e1m nikoho jin\u00e9ho, i kdy\u017e budou ve va\u0161\u00ed l\u00f3\u017ei voln\u00e1 m\u00edsta. V lo\u017e\u00edch usazujeme tak\u00e9 d\u011bti od 2 let. Dal\u0161\u00ed v\u00fdhodou l\u00f3\u017ee je mo\u017enost objednat si Zlat\u00e9 menu, a to nejpozd\u011bji 4 dn\u00ed p\u0159ed term\u00ednem p\u0159edstaven\u00ed. Host\u00e9 s objednan\u00fdm Zlat\u00fdm menu se p\u0159i p\u0159\u00edchodu nahla\u0161uj\u00ed na hlavn\u00ed recepci Grand Hotelu Bohemia.<\/div>\n<div class=\"col-xs-12 col-sm-6\"><img loading=\"lazy\" decoding=\"async\" class=\"alignright size-full wp-image-132\" style=\"margin-bottom: 20px; margin-top: 30px;\" src=\"https:\/\/mozartdinner.cz\/wp-content\/uploads\/2024\/01\/MD-web-sal-592x444-1.jpg\" alt=\"\" width=\"592\" height=\"444\" \/><\/div>\n<\/div>\n<p><span style=\"color: #ffffff;\">.<\/span><br \/>\n<strong>V ka\u017ed\u00e9 kategorii m\u016f\u017eete zakoupit vstupenku pro d\u00edt\u011b do 12 let.<\/strong><br \/>\nBal\u00ed\u010dek neomezen\u00fdch n\u00e1poj\u016f lze vyu\u017e\u00edt do konce akce (tzn. p\u0159ibli\u017en\u011b do 21:30).<\/p>\n<div class=\"hell-accordition font-georgia\">\n<p>Bli\u017e\u0161\u00ed informace k n\u00e1pojov\u00fdm bal\u00ed\u010dk\u016fm m\u016f\u017eete naj\u00edt <a href=\"https:\/\/mozartdinner.cz\/cs\/info\/#faq-8\">zde<\/a>, nebo v <a href=\"https:\/\/mozartdinner.cz\/cs\/vyber-terminu\/\">e-shopu<\/a> u v\u00fdb\u011bru kategorie.<\/p>\n<\/div>\n<h1><a id=\"pro-singles\" name=\"pro-singles\"><\/a>Tipy pro singles<\/h1>\n<div class=\"row\">\n<div class=\"col-xs-12 col-sm-6\"><img loading=\"lazy\" decoding=\"async\" class=\"alignleft size-full wp-image-134\" style=\"margin-bottom: 20px;\" src=\"https:\/\/mozartdinner.cz\/wp-content\/uploads\/2017\/04\/img-445.jpg\" alt=\"\" width=\"597\" height=\"404\" \/><\/div>\n<div class=\"col-xs-12 col-sm-6\">\n<p><strong>Rozhodli jste se p\u0159ij\u00edt na Ve\u010de\u0159i s Mozartem sami? Zde je p\u00e1r tip\u016f, jak si tento event co nejv\u00edce u\u017e\u00edt!<\/strong><\/p>\n<ul class=\"list-dash-yellow\">\n<li>Chcete m\u00edt maxim\u00e1ln\u00ed soukrom\u00ed a neb\u00fdt nik\u00fdm ru\u0161eni? Pak doporu\u010dujeme objednat m\u00edsto v l\u00f3\u017ei. V\u00fdhodou t\u00e9to kategorie je i kr\u00e1sn\u00fd v\u00fdhled na s\u00e1l.<\/li>\n<li>Chcete poznat nov\u00e9 lidi? Pak je skv\u011blou volbou st\u016fl pro osm. U toho budete m\u00edt mo\u017enost potkat m\u00edstn\u00ed i cestovatele z cel\u00e9ho sv\u011bta s podobn\u00fdmi z\u00e1jmy jako m\u00e1te Vy.<\/li>\n<li>Doporu\u010dujeme V\u00e1m v\u00fdb\u011br neomezen\u00fdch n\u00e1poj\u016f. Jsou cenov\u011b v\u00fdhodn\u00e9 a m\u016f\u017eete si tak cel\u00fd ve\u010der maxim\u00e1ln\u011b u\u017e\u00edt. Bal\u00ed\u010dek neomezen\u00fdch n\u00e1poj\u016f lze vyu\u017e\u00edt a\u017e do konce akce, tzn. p\u0159ibli\u017en\u011b do 21:30.<\/li>\n<li>P\u0159ij\u010fte v\u010das, budete tak m\u00edt mo\u017enost v klidu objednat sv\u00e9 n\u00e1poje p\u0159ed prvn\u00edm koncertem. Ten za\u010d\u00edn\u00e1 v 19.00 hod. Posledn\u00ed objedn\u00e1vky na n\u00e1poje se p\u0159ij\u00edmaj\u00ed do 18.50 hod.<\/li>\n<li>Slav\u00edte n\u011bco? Dejte n\u00e1m o tom v\u011bd\u011bt a my V\u00e1m p\u0159iprav\u00edme mil\u00e9 p\u0159ekvapen\u00ed.<\/li>\n<li>M\u00e1te speci\u00e1ln\u00ed dietu? \u0158ekn\u011bte n\u00e1m to alespo\u0148 jeden den dop\u0159edu a n\u00e1\u0161 \u0161\u00e9fkucha\u0159 V\u00e1m p\u0159iprav\u00ed speci\u00e1ln\u00ed menu.<\/li>\n<\/ul>\n<\/div>\n<\/div>\n<h1><a id=\"pro-singles\" name=\"vetsi-soukromi\"><\/a>Tip pro v\u011bt\u0161\u00ed soukrom\u00ed<\/h1>\n<div class=\"row\">\n<div class=\"col-xs-12\">Pokud si chcete Ve\u010de\u0159i s Mozartem vychutnat v co nejv\u011bt\u0161\u00edm soukrom\u00ed, doporu\u010dujeme vybrat si exkluzivn\u00ed l\u00f3\u017ei. Ty nab\u00edz\u00edme pro jednu a\u017e \u010dty\u0159i osoby a v\u017edy v n\u00ed budete sed\u011bt pouze se sv\u00fdm doprovodem. Naopak stoly pro dva nejsou v tomto p\u0159\u00edpad\u011b dobrou volbou vzhledem k tomu, \u017ee jsou um\u00edst\u011bny v prvn\u00edch \u0159ad\u00e1ch, p\u00e1r centimetr\u016f od um\u011blc\u016f a v t\u011bsn\u00e9 bl\u00edzkosti ostatn\u00edch stol\u016f.<\/div>\n<\/div>\n<p>&nbsp;<\/p>\n<h1><a id=\"pro-singles\" name=\"vhodne-obleceni\"><\/a>Tip na vhodn\u00e9 oble\u010den\u00ed<\/h1>\n<div class=\"row\">\n<div class=\"col-xs-12\">M\u00e1lokter\u00fd z na\u0161ich host\u016f k n\u00e1m chod\u00ed v d\u017e\u00edn\u00e1ch a tri\u010dku. Doporu\u010dujeme obl\u00e9ci se v souladu s povahou akce, tzn. \u201ecreative formal\u201c dress code. V p\u0159\u00edpad\u011b silvestrovsk\u00fdch p\u0159edstaven\u00ed je doporu\u010den\u00fdm oble\u010den\u00edm dlouh\u00e1 ve\u010dern\u00ed toaleta pro d\u00e1my a smoking pro p\u00e1ny.<\/div>\n<\/div>\n<p>&nbsp;<\/p>\n<h1><a id=\"pro-singles\" name=\"silvestr\"><\/a>Tip pro v\u00fdb\u011br m\u00edsta na oslavu Silvestra<\/h1>\n<div class=\"row\">\n<div class=\"col-xs-12\">Silvestrovsk\u00e1 galave\u010de\u0159e s Mozartem se kon\u00e1 v Boccaccio s\u00e1le Grand Hotelu Bohemiam kde si v intimit\u011b tane\u010dn\u00edho s\u00e1lu vychutn\u00e1te p\u016flno\u010dn\u00ed p\u0159\u00edpitek s na\u0161imi muzikanty.<br \/>\nV s\u00e1le Boccaccio si m\u016f\u017eete vybrat mezi stoly pro 2 osoby, 8 osob nebo exkluzivn\u00edmi balkonov\u00fdmi l\u00f3\u017eemi. Informace o cen\u00e1ch vstupenek najdete <a href=\"https:\/\/mozartdinner.cz\/cs\/info\/#faq-8\"> zde<\/a>.<\/div>\n<\/div>\n<p>&nbsp;<\/p>\n<div class=\"hell-accordition font-georgia\">Cel\u00fd t\u00fdm Ve\u010de\u0159e s Mozartem se na V\u00e1s velmi t\u011b\u0161\u00ed!<\/div>\n","protected":false},"excerpt":{"rendered":"<p>Tipy na v\u00fdb\u011br m\u00edst Tipy pro singles Tipy pro v\u011bt\u0161\u00ed soukrom\u00ed Tip na vhodn\u00e9 oble\u010den\u00ed Tip pro v\u00fdb\u011br m\u00edsta na oslavu Silvestra Tipy na v\u00fdb\u011br m\u00edst Kategorie st\u016fl pro osm je ur\u010dena p\u0159edev\u0161\u00edm pro ty, kte\u0159\u00ed maj\u00ed r\u00e1di spole\u010dnost a cht\u011bj\u00ed pozn\u00e1vat nov\u00e9 lidi. U stolu sed\u00ed celkem a\u017e 8 osob. Stoly jsou \u0159azeny za [&hellip;]<\/p>\n","protected":false},"author":1,"featured_media":0,"parent":0,"menu_order":0,"comment_status":"closed","ping_status":"closed","template":"page_noheader.php","meta":{"footnotes":""},"class_list":["post-139","page","type-page","status-publish","hentry"],"yoast_head":"<!-- This site is optimized with the Yoast SEO plugin v25.8 - https:\/\/yoast.com\/wordpress\/plugins\/seo\/ -->\n<title>U\u017eite\u010dn\u00e9 tipy | Ve\u010de\u0159e s Mozartem *****<\/title>\n<meta name=\"description\" content=\"Tipy na v\u00fdb\u011br m\u00edst v s\u00e1le pro co nejv\u011bt\u0161\u00ed soukrom\u00ed, doporu\u010den\u00ed vhodn\u00e9ho oble\u010den\u00ed, tipy na to, jak si p\u0159edstaven\u00ed u\u017e\u00edt i p\u0159\u00edpad\u011b, \u017ee p\u0159ijdete bez doprovodu.\" \/>\n<meta name=\"robots\" content=\"index, follow, max-snippet:-1, max-image-preview:large, max-video-preview:-1\" \/>\n<link rel=\"canonical\" href=\"https:\/\/mozartdinner.cz\/cs\/uzitecne-tipy\/\" \/>\n<meta property=\"og:locale\" content=\"cs_CZ\" \/>\n<meta property=\"og:type\" content=\"article\" \/>\n<meta property=\"og:title\" content=\"U\u017eite\u010dn\u00e9 tipy | Ve\u010de\u0159e s Mozartem *****\" \/>\n<meta property=\"og:description\" content=\"Tipy na v\u00fdb\u011br m\u00edst v s\u00e1le pro co nejv\u011bt\u0161\u00ed soukrom\u00ed, doporu\u010den\u00ed vhodn\u00e9ho oble\u010den\u00ed, tipy na to, jak si p\u0159edstaven\u00ed u\u017e\u00edt i p\u0159\u00edpad\u011b, \u017ee p\u0159ijdete bez doprovodu.\" \/>\n<meta property=\"og:url\" content=\"https:\/\/mozartdinner.cz\/cs\/uzitecne-tipy\/\" \/>\n<meta property=\"og:site_name\" content=\"Mozart Dinner *****\" \/>\n<meta property=\"article:modified_time\" content=\"2024-04-01T15:44:36+00:00\" \/>\n<meta property=\"og:image\" content=\"https:\/\/mozartdinner.cz\/wp-content\/uploads\/2024\/01\/MD-web-sal-592x444-1.jpg\" \/>\n<meta name=\"twitter:card\" content=\"summary_large_image\" \/>\n<meta name=\"twitter:label1\" content=\"Odhadovan\u00e1 doba \u010dten\u00ed\" \/>\n\t<meta name=\"twitter:data1\" content=\"4 minuty\" \/>\n<script type=\"application\/ld+json\" class=\"yoast-schema-graph\">{\"@context\":\"https:\/\/schema.org\",\"@graph\":[{\"@type\":\"WebPage\",\"@id\":\"https:\/\/mozartdinner.cz\/cs\/uzitecne-tipy\/\",\"url\":\"https:\/\/mozartdinner.cz\/cs\/uzitecne-tipy\/\",\"name\":\"U\u017eite\u010dn\u00e9 tipy | Ve\u010de\u0159e s Mozartem *****\",\"isPartOf\":{\"@id\":\"https:\/\/mozartdinner.cz\/#website\"},\"primaryImageOfPage\":{\"@id\":\"https:\/\/mozartdinner.cz\/cs\/uzitecne-tipy\/#primaryimage\"},\"image\":{\"@id\":\"https:\/\/mozartdinner.cz\/cs\/uzitecne-tipy\/#primaryimage\"},\"thumbnailUrl\":\"https:\/\/mozartdinner.cz\/wp-content\/uploads\/2024\/01\/MD-web-sal-592x444-1.jpg\",\"datePublished\":\"2017-04-20T16:32:50+00:00\",\"dateModified\":\"2024-04-01T15:44:36+00:00\",\"description\":\"Tipy na v\u00fdb\u011br m\u00edst v s\u00e1le pro co nejv\u011bt\u0161\u00ed soukrom\u00ed, doporu\u010den\u00ed vhodn\u00e9ho oble\u010den\u00ed, tipy na to, jak si p\u0159edstaven\u00ed u\u017e\u00edt i p\u0159\u00edpad\u011b, \u017ee p\u0159ijdete bez doprovodu.\",\"breadcrumb\":{\"@id\":\"https:\/\/mozartdinner.cz\/cs\/uzitecne-tipy\/#breadcrumb\"},\"inLanguage\":\"cs\",\"potentialAction\":[{\"@type\":\"ReadAction\",\"target\":[\"https:\/\/mozartdinner.cz\/cs\/uzitecne-tipy\/\"]}]},{\"@type\":\"ImageObject\",\"inLanguage\":\"cs\",\"@id\":\"https:\/\/mozartdinner.cz\/cs\/uzitecne-tipy\/#primaryimage\",\"url\":\"https:\/\/mozartdinner.cz\/wp-content\/uploads\/2024\/01\/MD-web-sal-592x444-1.jpg\",\"contentUrl\":\"https:\/\/mozartdinner.cz\/wp-content\/uploads\/2024\/01\/MD-web-sal-592x444-1.jpg\"},{\"@type\":\"BreadcrumbList\",\"@id\":\"https:\/\/mozartdinner.cz\/cs\/uzitecne-tipy\/#breadcrumb\",\"itemListElement\":[{\"@type\":\"ListItem\",\"position\":1,\"name\":\"Home\",\"item\":\"https:\/\/mozartdinner.cz\/cs\/\"},{\"@type\":\"ListItem\",\"position\":2,\"name\":\"U\u017eite\u010dn\u00e9 tipy\"}]},{\"@type\":\"WebSite\",\"@id\":\"https:\/\/mozartdinner.cz\/#website\",\"url\":\"https:\/\/mozartdinner.cz\/\",\"name\":\"Mozart Dinner *****\",\"description\":\"Your private opera theater in Prague\",\"potentialAction\":[{\"@type\":\"SearchAction\",\"target\":{\"@type\":\"EntryPoint\",\"urlTemplate\":\"https:\/\/mozartdinner.cz\/?s={search_term_string}\"},\"query-input\":{\"@type\":\"PropertyValueSpecification\",\"valueRequired\":true,\"valueName\":\"search_term_string\"}}],\"inLanguage\":\"cs\"}]}<\/script>\n<!-- \/ Yoast SEO plugin. -->","yoast_head_json":{"title":"U\u017eite\u010dn\u00e9 tipy | Ve\u010de\u0159e s Mozartem *****","description":"Tipy na v\u00fdb\u011br m\u00edst v s\u00e1le pro co nejv\u011bt\u0161\u00ed soukrom\u00ed, doporu\u010den\u00ed vhodn\u00e9ho oble\u010den\u00ed, tipy na to, jak si p\u0159edstaven\u00ed u\u017e\u00edt i p\u0159\u00edpad\u011b, \u017ee p\u0159ijdete bez doprovodu.","robots":{"index":"index","follow":"follow","max-snippet":"max-snippet:-1","max-image-preview":"max-image-preview:large","max-video-preview":"max-video-preview:-1"},"canonical":"https:\/\/mozartdinner.cz\/cs\/uzitecne-tipy\/","og_locale":"cs_CZ","og_type":"article","og_title":"U\u017eite\u010dn\u00e9 tipy | Ve\u010de\u0159e s Mozartem *****","og_description":"Tipy na v\u00fdb\u011br m\u00edst v s\u00e1le pro co nejv\u011bt\u0161\u00ed soukrom\u00ed, doporu\u010den\u00ed vhodn\u00e9ho oble\u010den\u00ed, tipy na to, jak si p\u0159edstaven\u00ed u\u017e\u00edt i p\u0159\u00edpad\u011b, \u017ee p\u0159ijdete bez doprovodu.","og_url":"https:\/\/mozartdinner.cz\/cs\/uzitecne-tipy\/","og_site_name":"Mozart Dinner *****","article_modified_time":"2024-04-01T15:44:36+00:00","og_image":[{"url":"https:\/\/mozartdinner.cz\/wp-content\/uploads\/2024\/01\/MD-web-sal-592x444-1.jpg","type":"","width":"","height":""}],"twitter_card":"summary_large_image","twitter_misc":{"Odhadovan\u00e1 doba \u010dten\u00ed":"4 minuty"},"schema":{"@context":"https:\/\/schema.org","@graph":[{"@type":"WebPage","@id":"https:\/\/mozartdinner.cz\/cs\/uzitecne-tipy\/","url":"https:\/\/mozartdinner.cz\/cs\/uzitecne-tipy\/","name":"U\u017eite\u010dn\u00e9 tipy | Ve\u010de\u0159e s Mozartem *****","isPartOf":{"@id":"https:\/\/mozartdinner.cz\/#website"},"primaryImageOfPage":{"@id":"https:\/\/mozartdinner.cz\/cs\/uzitecne-tipy\/#primaryimage"},"image":{"@id":"https:\/\/mozartdinner.cz\/cs\/uzitecne-tipy\/#primaryimage"},"thumbnailUrl":"https:\/\/mozartdinner.cz\/wp-content\/uploads\/2024\/01\/MD-web-sal-592x444-1.jpg","datePublished":"2017-04-20T16:32:50+00:00","dateModified":"2024-04-01T15:44:36+00:00","description":"Tipy na v\u00fdb\u011br m\u00edst v s\u00e1le pro co nejv\u011bt\u0161\u00ed soukrom\u00ed, doporu\u010den\u00ed vhodn\u00e9ho oble\u010den\u00ed, tipy na to, jak si p\u0159edstaven\u00ed u\u017e\u00edt i p\u0159\u00edpad\u011b, \u017ee p\u0159ijdete bez doprovodu.","breadcrumb":{"@id":"https:\/\/mozartdinner.cz\/cs\/uzitecne-tipy\/#breadcrumb"},"inLanguage":"cs","potentialAction":[{"@type":"ReadAction","target":["https:\/\/mozartdinner.cz\/cs\/uzitecne-tipy\/"]}]},{"@type":"ImageObject","inLanguage":"cs","@id":"https:\/\/mozartdinner.cz\/cs\/uzitecne-tipy\/#primaryimage","url":"https:\/\/mozartdinner.cz\/wp-content\/uploads\/2024\/01\/MD-web-sal-592x444-1.jpg","contentUrl":"https:\/\/mozartdinner.cz\/wp-content\/uploads\/2024\/01\/MD-web-sal-592x444-1.jpg"},{"@type":"BreadcrumbList","@id":"https:\/\/mozartdinner.cz\/cs\/uzitecne-tipy\/#breadcrumb","itemListElement":[{"@type":"ListItem","position":1,"name":"Home","item":"https:\/\/mozartdinner.cz\/cs\/"},{"@type":"ListItem","position":2,"name":"U\u017eite\u010dn\u00e9 tipy"}]},{"@type":"WebSite","@id":"https:\/\/mozartdinner.cz\/#website","url":"https:\/\/mozartdinner.cz\/","name":"Mozart Dinner *****","description":"Your private opera theater in Prague","potentialAction":[{"@type":"SearchAction","target":{"@type":"EntryPoint","urlTemplate":"https:\/\/mozartdinner.cz\/?s={search_term_string}"},"query-input":{"@type":"PropertyValueSpecification","valueRequired":true,"valueName":"search_term_string"}}],"inLanguage":"cs"}]}},"publishpress_future_workflow_manual_trigger":{"enabledWorkflows":[]},"_links":{"self":[{"href":"https:\/\/mozartdinner.kabrt.net\/cs\/wp-json\/wp\/v2\/pages\/139","targetHints":{"allow":["GET"]}}],"collection":[{"href":"https:\/\/mozartdinner.kabrt.net\/cs\/wp-json\/wp\/v2\/pages"}],"about":[{"href":"https:\/\/mozartdinner.kabrt.net\/cs\/wp-json\/wp\/v2\/types\/page"}],"author":[{"embeddable":true,"href":"https:\/\/mozartdinner.kabrt.net\/cs\/wp-json\/wp\/v2\/users\/1"}],"replies":[{"embeddable":true,"href":"https:\/\/mozartdinner.kabrt.net\/cs\/wp-json\/wp\/v2\/comments?post=139"}],"version-history":[{"count":73,"href":"https:\/\/mozartdinner.kabrt.net\/cs\/wp-json\/wp\/v2\/pages\/139\/revisions"}],"predecessor-version":[{"id":29181,"href":"https:\/\/mozartdinner.kabrt.net\/cs\/wp-json\/wp\/v2\/pages\/139\/revisions\/29181"}],"wp:attachment":[{"href":"https:\/\/mozartdinner.kabrt.net\/cs\/wp-json\/wp\/v2\/media?parent=139"}],"curies":[{"name":"wp","href":"https:\/\/api.w.org\/{rel}","templated":true}]}}